{"id":1474,"date":"2014-02-13T13:57:59","date_gmt":"2014-02-13T16:57:59","guid":{"rendered":"https:\/\/estrategista.net\/?page_id=1474"},"modified":"2018-12-13T10:24:13","modified_gmt":"2018-12-13T13:24:13","slug":"agentes-autonomos-e-corretoras","status":"publish","type":"page","link":"https:\/\/estrategista.net\/?page_id=1474","title":{"rendered":"Agentes Aut\u00f4nomos e Corretoras"},"content":{"rendered":"<h4>Monte um curso para seus clientes em sua cidade<\/h4>\n<h5><strong>Curso conceitos e estrat\u00e9gias para operar na bolsa<\/strong><\/h5>\n<p><strong>P\u00fablico alvo<\/strong>:<\/p>\n<p>Investidores de bolsa, indiv\u00edduos ou institucionais, interessados em an\u00e1lise fundamentalista e aqueles que trabalham ou desejam trabalhar com an\u00e1lise e gest\u00e3o de a\u00e7\u00f5es em corretoras, gestoras, bancos de investimento, \u00e1rea de rela\u00e7\u00e3o com investidores (RI) e fundos de <em>private equity<\/em>.<\/p>\n<p><strong>Conte\u00fado Program\u00e1tico<\/strong>:<\/p>\n<p>M\u00f3dulo I \u2013 Conceitos b\u00e1sicos<\/p>\n<ol>\n<li>Introdu\u00e7\u00e3o<br \/>2. A forma\u00e7\u00e3o do pre\u00e7o da a\u00e7\u00e3o e os investidores institucionais\u00a0<br \/>3. Como calcular sua independ\u00eancia financeira?\u00a0<br \/>\u00a0 \u00a0 a. Metodologia 1\u00a0<br \/>\u00a0 \u00a0 b. Metodologia 2<br \/>4. A import\u00e2ncia dos juros nos investimentos\u00a0<br \/>\u00a0 \u00a0 \u00a0 a. O hist\u00f3rico dos juros reais\u00a0<br \/>\u00a0 \u00a0 \u00a0 b. Por que os juros afetam a bolsa?\u00a0<br \/>5. A Bolsa de Valores e o Ibovespa\u00a0<br \/>\u00a0 \u00a0 \u00a0 a. A volatilidade da bolsa\u00a0<br \/>\u00a0 \u00a0 \u00a0 b. A rentabilidade dos fundos de a\u00e7\u00f5es e do Ibovespa<br \/>\u00a0 \u00a0 \u00a0 c. As defici\u00eancias do Ibovespa<br \/>\u00a0 \u00a0 \u00a0 d. Ibovespa x IBrX\u00a0<br \/>6. As a\u00e7\u00f5es e a abertura de capital<br \/>\u00a0 \u00a0 \u00a0 a. A forma\u00e7\u00e3o da empresa \u2013 o balan\u00e7o patrimonial\u00a0<br \/>\u00a0 \u00a0 \u00a0 b. A base acion\u00e1ria \u2013 as a\u00e7\u00f5es ON e PN\u00a0<br \/>\u00a0 \u00a0 \u00a0 c. A vantagem das a\u00e7\u00f5es preferenciais listadas em bolsa\u00a0<br \/>\u00a0 \u00a0 \u00a0 d. A oferta de a\u00e7\u00f5es\u00a0<br \/>\u00a0 \u00a0 \u00a0 e. A abertura de capital (IPO) e seus riscos\u00a0<br \/>\u00a0 \u00a0 \u00a0 f. Por que as empresas abrem o capital?\u00a0<br \/>7. Introdu\u00e7\u00e3o \u00e0 an\u00e1lise fundamentalista<br \/>\u00a0 \u00a0 \u00a0a. An\u00e1lise fundamentalista \u2013 duas escolas\u00a0<br \/>\u00a0 \u00a0 \u00a0b. Os investidores de valor, o \u201cvalue investing\u201d\u00a0<br \/>8. O valor de mercado da companhia\u00a0<br \/>\u00a0 \u00a0 \u00a0a. Calculando o valor de mercado da companhia<br \/>\u00a0 \u00a0 \u00a0b. A influ\u00eancia de eventos negativos sobre o valor de mercado\u00a0<br \/>\u00a0 \u00a0 \u00a0c. Conceito do valor de mercado\u00a0<br \/>\u00a0 \u00a0 \u00a0d. As a\u00e7\u00f5es em circula\u00e7\u00e3o no mercado, o \u201cfree float\u201d\u00a0<br \/>9. O controlador\u00a0<br \/>\u00a0 \u00a0 \u00a0a. Tipos de controle acion\u00e1rio: difuso ou concentrado\u00a0<br \/>10. Dividendos<br \/>\u00a0 \u00a0 \u00a0a. Os dividendos impactam o pre\u00e7o das a\u00e7\u00f5es? As diversas teorias\u00a0<br \/>\u00a0 \u00a0 \u00a0b. O modelo de Gordon e o caso Hypermarcas\u00a0<br \/>\u00a0 \u00a0 \u00a0c. Dividend yield, pay-out ratio, tributa\u00e7\u00e3o\u00a0<br \/>\u00a0 \u00a0 \u00a0d. O falso dilema: pagar dividendos ou crescer<br \/>\u00a0 \u00a0 \u00a0e. Viver de dividendos<br \/>\u00a0 \u00a0 \u00a0f. Dividendo obrigat\u00f3rio<br \/>\u00a0 \u00a0 \u00a0g. Quando os dividendos n\u00e3o s\u00e3o pagos<br \/>\u00a0 \u00a0 \u00a0h. O conceito \u201cex dividendos\u201d<br \/>\u00a0 \u00a0 \u00a0i. Dividendos m\u00ednimos e fixos<\/li>\n<\/ol>\n<p>M\u00f3dulo II \u2013 M\u00e9tricas de avalia\u00e7\u00e3o da an\u00e1lise fundamentalista<\/p>\n<p>Nesse m\u00f3dulo, falaremos das principais m\u00e9tricas de avalia\u00e7\u00e3o de empresas: m\u00faltiplos e fluxo de caixa descontado<\/p>\n<ol start=\"11\">\n<li>An\u00e1lise por m\u00faltiplo<br \/>\u00a0 \u00a0a. O m\u00faltiplo P\/L (pre\u00e7o por lucro)<br \/>\u00a0 \u00a0b. O PEG ratio<br \/>\u00a0 \u00a0 \u00a0c. A qualidade do lucro<br \/>\u00a0 \u00a0 \u00a0d. A al\u00edquota efetiva de IR\/CSSL<br \/>\u00a0 \u00a0 \u00a0e. A expans\u00e3o do m\u00faltiplo<br \/>\u00a0 \u00a0 \u00a0f. O conceito do m\u00faltiplo FV\/Ebitda<br \/>\u00a0 \u00a0 \u00a0g. Por que o m\u00faltiplo FV\/Ebitda se popularizou?<br \/>\u00a0 \u00a0 \u00a0h. O m\u00faltiplo FV\/Ebitda das cias endividadas<br \/>\u00a0 \u00a0 \u00a0i. O m\u00faltiplo FV\/Ebitda e o caso Petrobras<br \/>\u00a0 \u00a0 \u00a0j. O m\u00faltiplo FV\/Ebitda e o caso Telemar<br \/>\u00a0 \u00a0 \u00a0k. O m\u00faltiplo P\/VPA<br \/>\u00a0 \u00a0 \u00a0l. Caracter\u00edsticas do m\u00faltiplo P\/VPA<br \/>\u00a0 \u00a0 \u00a0m. A rela\u00e7\u00e3o entre o m\u00faltiplo P\/VPA e o retorno sobre o patrim\u00f4nio (ROE, em ingl\u00eas)<br \/>\u00a0 \u00a0 \u00a0n. Qual m\u00faltiplo utilizar: o hist\u00f3rico ou o projetado?<br \/>12. Fluxo de caixa descontado e o pre\u00e7o alvo<br \/>\u00a0 \u00a0 \u00a0a. O fluxo de caixa descontado para o acionista<br \/>\u00a0 \u00a0 \u00a0b. O fluxo de caixa descontado para a firma<br \/>\u00a0 \u00a0 \u00a0c. Considera\u00e7\u00f5es sobre o pre\u00e7o-alvo<\/li>\n<\/ol>\n<p>M\u00f3dulo III \u2013 Estrat\u00e9gias de investimentos<\/p>\n<p>Nesse m\u00f3dulo, abordaremos algumas estrat\u00e9gias para a compra e venda das a\u00e7\u00f5es.<\/p>\n<ol start=\"13\">\n<li>Estrat\u00e9gias de Investimentos<\/li>\n<li>Psicologia de investimentos<br \/>\u00a0 \u00a0 \u00a0i. Teoria da perspectiva<br \/>\u00a0 \u00a0 \u00a0 \u00a0ii. Ancoragem<br \/>\u00a0 \u00a0 \u00a0 \u00a0iii. Efeito manada<br \/>\u00a0 \u00a0 \u00a0 \u00a0iv. Estado psicol\u00f3gico<\/li>\n<li><br \/>O relat\u00f3rio das corretoras<\/li>\n<li>As recomenda\u00e7\u00f5es<\/li>\n<li>O resultado trimestral<\/li>\n<li>Comprar e manter. Bolsa \u00e9 longo prazo? \u00a0 \u00a0<br \/>\u00a0 \u00a0d. Carteira defensiva. Faz sentido?<br \/>\u00a0 \u00a0 \u00a0e. Aluguel ou empr\u00e9stimo de a\u00e7\u00f5es<br \/>\u00a0 \u00a0 \u00a0f. Fundos de A\u00e7\u00f5es\u00a0<br \/>\u00a0 \u00a0 \u00a0\u00a0\u00a0\u00a0\u00a0\u00a0\u00a0 i. Fundos ativos, passivos e a\u00e7\u00f5es livre<br \/>\u00a0 \u00a0 \u00a0\u00a0\u00a0\u00a0\u00a0\u00a0\u00a0 ii. Fundos Small Caps<br \/>\u00a0 \u00a0 \u00a0\u00a0\u00a0\u00a0\u00a0\u00a0\u00a0 iii. Fundos Long Short<br \/>\u00a0 \u00a0 \u00a0\u00a0\u00a0\u00a0\u00a0\u00a0\u00a0 iv. Fundos \u201clong biased\u201d<\/li>\n<\/ol>\n<p>M\u00f3dulo IV \u2013 Direito Societ\u00e1rio<\/p>\n<ol start=\"14\">\n<li>Direito Societ\u00e1rio<br \/>\u00a0 \u00a0a. Conceito e c\u00e1lculo do \u201ctag along\u201d<br \/>\u00a0 \u00a0b. Armadilhas do tag along<br \/>\u00a0 \u00a0 \u00a0c. Subscri\u00e7\u00e3o de a\u00e7\u00f5es<br \/>\u00a0 \u00a0 \u00a0d. Fechamento de capital<br \/>\u00a0 \u00a0 \u00a0e. Direito de recesso<br \/>\u00a0 \u00a0 \u00a0f. Recompra de a\u00e7\u00f5es<br \/>\u00a0 \u00a0 \u00a0g. Outros eventos: desdobramento e agrupamento<br \/>\u00a0 \u00a0 \u00a0h. Bonifica\u00e7\u00e3o<br \/>\u00a0 \u00a0 \u00a0i. Guia de IR em a\u00e7\u00f5es<\/li>\n<\/ol>\n<p>M\u00f3dulo V \u2013 Estudos de caso, a pr\u00e1tica<\/p>\n<ol start=\"15\">\n<li>Estudos de casos<br \/>\u00a0 \u00a0a. O que move as a\u00e7\u00f5es da bolsa?<br \/>\u00a0 \u00a0b. As cias premium e a bolsa<br \/>\u00a0 \u00a0 \u00a0c. Vale e a macroeconomia<br \/>\u00a0 \u00a0 \u00a0d. Petrobras, problema vai al\u00e9m da Lava-Jato<br \/>\u00a0 \u00a0 \u00a0e. OGX \u2013 a dificuldade de se avaliar cias pr\u00e9-operacionais<br \/>\u00a0 \u00a0 \u00a0f. BRF e a expans\u00e3o do m\u00faltiplo<br \/>\u00a0 \u00a0 \u00a0g. O sonho da Apple \u00e9 ser a Totvs<br \/>\u00a0 \u00a0 \u00a0h. O Ibovespa: est\u00e1 caro ou barato?<\/li>\n<\/ol>\n<p>M\u00f3dulo VI \u2013 Analise de institui\u00e7\u00f5es financeiras<\/p>\n<p>Com base em um modelo de fluxo de caixa descontado do Ita\u00fa-Unibanco, faremos uma an\u00e1lise detalhada do balan\u00e7o patrimonial e das demonstra\u00e7\u00f5es de resultados do banco.<\/p>\n<ol start=\"16\">\n<li>Destrinchando o modelo DCF do Ita\u00fa-Unibanco<\/li>\n<li>C\u00e1lculo das receitas<\/li>\n<li>C\u00e1lculo das despesas<\/li>\n<li>Provis\u00f5es<\/li>\n<li>Margens<\/li>\n<li>O patrim\u00f4nio l\u00edquido<\/li>\n<li>Evolu\u00e7\u00e3o hist\u00f3rica do ROE<\/li>\n<li>Regras da Basil\u00e9ia<\/li>\n<li>Investimento em a\u00e7\u00f5es de bancos: a import\u00e2ncia do beta<\/li>\n<li>An\u00e1lise do Estatuto Social do Ita\u00fa-Unibanco<\/li>\n<li>Arbitragem Ita\u00fasa e Ita\u00fa-Unibanco<\/li>\n<li>Arbitragem das a\u00e7\u00f5es ON e PN de Ita\u00fa-Unibanco<\/li>\n<li>A forte rela\u00e7\u00e3o do P\/VPA e ROE nas empresas financeiras<\/li>\n<\/ol>\n<p><strong>Valor:<\/strong> a partir de R$ 5 mil<\/p>\n<p><strong>Mais informa\u00e7\u00f5es:<\/strong> envie e-mail para <a href=\"mailto:contato@estrategista.net\">contato@estrategista.net<\/a><\/p>\n<hr \/>\n<p>Conhe\u00e7a outros servi\u00e7os:<\/p>\n<ul>\n<li><a title=\"Pessoa F\u00edsica\" href=\"https:\/\/estrategista.net\/servicos\/pessoa-fisica\/\">Para Pessoa F\u00edsica<\/a><\/li>\n<li><a title=\"Companhias Fechadas\" href=\"https:\/\/estrategista.net\/servicos\/companhias-fechadas\/\">Para Companhias Fechadas<\/a><\/li>\n<li><a title=\"Companhias Abertas\" href=\"https:\/\/estrategista.net\/servicos\/companhias-abertas\/\">Para Companhias Abertas<\/a><\/li>\n<li><a title=\"Anuncie\" href=\"https:\/\/estrategista.net\/anuncie\/\">Anuncie nesse site<\/a><\/li>\n<\/ul>\n\n\n<p><\/p>\n","protected":false},"excerpt":{"rendered":"<p>Monte um curso para seus clientes em sua cidade Curso conceitos e estrat\u00e9gias para operar na bolsa P\u00fablico alvo: Investidores de bolsa, indiv\u00edduos ou institucionais, interessados em an\u00e1lise fundamentalista e aqueles que trabalham ou desejam trabalhar com an\u00e1lise e gest\u00e3o de a\u00e7\u00f5es em corretoras, gestoras, bancos de investimento, \u00e1rea de rela\u00e7\u00e3o com investidores (RI) e [&hellip;]<\/p>\n","protected":false},"author":1,"featured_media":0,"parent":1472,"menu_order":20,"comment_status":"open","ping_status":"closed","template":"","meta":{"footnotes":""},"class_list":["post-1474","page","type-page","status-publish","hentry"],"_links":{"self":[{"href":"https:\/\/estrategista.net\/index.php?rest_route=\/wp\/v2\/pages\/1474","targetHints":{"allow":["GET"]}}],"collection":[{"href":"https:\/\/estrategista.net\/index.php?rest_route=\/wp\/v2\/pages"}],"about":[{"href":"https:\/\/estrategista.net\/index.php?rest_route=\/wp\/v2\/types\/page"}],"author":[{"embeddable":true,"href":"https:\/\/estrategista.net\/index.php?rest_route=\/wp\/v2\/users\/1"}],"replies":[{"embeddable":true,"href":"https:\/\/estrategista.net\/index.php?rest_route=%2Fwp%2Fv2%2Fcomments&post=1474"}],"version-history":[{"count":5,"href":"https:\/\/estrategista.net\/index.php?rest_route=\/wp\/v2\/pages\/1474\/revisions"}],"predecessor-version":[{"id":2581,"href":"https:\/\/estrategista.net\/index.php?rest_route=\/wp\/v2\/pages\/1474\/revisions\/2581"}],"up":[{"embeddable":true,"href":"https:\/\/estrategista.net\/index.php?rest_route=\/wp\/v2\/pages\/1472"}],"wp:attachment":[{"href":"https:\/\/estrategista.net\/index.php?rest_route=%2Fwp%2Fv2%2Fmedia&parent=1474"}],"curies":[{"name":"wp","href":"https:\/\/api.w.org\/{rel}","templated":true}]}}