{"id":1472,"date":"2014-02-13T13:55:21","date_gmt":"2014-02-13T16:55:21","guid":{"rendered":"https:\/\/estrategista.net\/?page_id=1472"},"modified":"2014-02-21T15:06:22","modified_gmt":"2014-02-21T18:06:22","slug":"servicos","status":"publish","type":"page","link":"https:\/\/estrategista.net\/?page_id=1472","title":{"rendered":"Servi\u00e7os"},"content":{"rendered":"<p>Conhe\u00e7a outros servi\u00e7os para investidores, companhias, corretoras e agentes aut\u00f4nomos do blog O Estrategista.<\/p>\n<ul>\n<li><a title=\"Pessoa F\u00edsica\" href=\"\/servicos\/pessoa-fisica\/\">Para Pessoa F\u00edsica<\/a><\/li>\n<li><a title=\"Agentes Aut\u00f4nomos e Corretoras\" href=\"\/servicos\/agentes-autonomos-e-corretoras\/\">Para Agentes Aut\u00f4nomos e Corretoras<\/a><\/li>\n<li><a title=\"Companhias Fechadas\" href=\"\/servicos\/companhias-fechadas\/\">Para Companhias Fechadas<\/a><\/li>\n<li><a title=\"Companhias Abertas\" href=\"\/servicos\/companhias-abertas\/\">Para Companhias Abertas<\/a><\/li>\n<li><a title=\"Anuncie\" href=\"\/servicos\/anuncie\/\">Anuncie nesse site<\/a><\/li>\n<\/ul>\n<p>&nbsp;<\/p>\n<h2 style=\"text-align: center;\"><img loading=\"lazy\" decoding=\"async\" class=\"alignnone  wp-image-1456\" alt=\"logo_est_80_vd\" src=\"https:\/\/estrategista.net\/wp-content\/uploads\/2014\/02\/logo_est_80_vd.png\" width=\"34\" height=\"20\" \/>\u00a0\u00a0Solu\u00e7\u00e3o T\u00e9cnica Consultoria Empresarial<\/h2>\n","protected":false},"excerpt":{"rendered":"<p>Conhe\u00e7a outros servi\u00e7os para investidores, companhias, corretoras e agentes aut\u00f4nomos do blog O Estrategista. Para Pessoa F\u00edsica Para Agentes Aut\u00f4nomos e Corretoras Para Companhias Fechadas Para Companhias Abertas Anuncie nesse site &nbsp; \u00a0\u00a0Solu\u00e7\u00e3o T\u00e9cnica Consultoria Empresarial<\/p>\n","protected":false},"author":1,"featured_media":0,"parent":0,"menu_order":0,"comment_status":"open","ping_status":"closed","template":"","meta":{"footnotes":""},"class_list":["post-1472","page","type-page","status-publish","hentry"],"_links":{"self":[{"href":"https:\/\/estrategista.net\/index.php?rest_route=\/wp\/v2\/pages\/1472","targetHints":{"allow":["GET"]}}],"collection":[{"href":"https:\/\/estrategista.net\/index.php?rest_route=\/wp\/v2\/pages"}],"about":[{"href":"https:\/\/estrategista.net\/index.php?rest_route=\/wp\/v2\/types\/page"}],"author":[{"embeddable":true,"href":"https:\/\/estrategista.net\/index.php?rest_route=\/wp\/v2\/users\/1"}],"replies":[{"embeddable":true,"href":"https:\/\/estrategista.net\/index.php?rest_route=%2Fwp%2Fv2%2Fcomments&post=1472"}],"version-history":[{"count":6,"href":"https:\/\/estrategista.net\/index.php?rest_route=\/wp\/v2\/pages\/1472\/revisions"}],"predecessor-version":[{"id":1548,"href":"https:\/\/estrategista.net\/index.php?rest_route=\/wp\/v2\/pages\/1472\/revisions\/1548"}],"wp:attachment":[{"href":"https:\/\/estrategista.net\/index.php?rest_route=%2Fwp%2Fv2%2Fmedia&parent=1472"}],"curies":[{"name":"wp","href":"https:\/\/api.w.org\/{rel}","templated":true}]}}